{"id":937,"date":"2025-05-12T08:19:50","date_gmt":"2025-05-12T13:19:50","guid":{"rendered":"https:\/\/bycseguros.com\/?page_id=937"},"modified":"2025-07-02T15:06:46","modified_gmt":"2025-07-02T20:06:46","slug":"seguros-personas-familia","status":"publish","type":"page","link":"https:\/\/bycseguros.com\/en\/seguros-personas-familia\/","title":{"rendered":"Insurance for individuals and families"},"content":{"rendered":"<div data-elementor-type=\"wp-page\" data-elementor-id=\"937\" class=\"elementor elementor-937\" data-elementor-post-type=\"page\">\n\t\t\t\t<div class=\"elementor-element elementor-element-6f07b07 e-con-full e-flex wpr-particle-no wpr-jarallax-no wpr-parallax-no wpr-sticky-section-no e-con e-parent\" data-id=\"6f07b07\" data-element_type=\"container\" data-settings=\"{&quot;background_background&quot;:&quot;classic&quot;}\">\n\t\t<div class=\"elementor-element elementor-element-2423b94 e-con-full e-flex wpr-particle-no wpr-jarallax-no wpr-parallax-no wpr-sticky-section-no e-con e-child\" data-id=\"2423b94\" data-element_type=\"container\">\n\t\t\t\t<div class=\"elementor-element elementor-element-1a5d923 elementor-widget elementor-widget-heading\" data-id=\"1a5d923\" data-element_type=\"widget\" data-widget_type=\"heading.default\">\n\t\t\t\t<div class=\"elementor-widget-container\">\n\t\t\t\t\t<h1 class=\"elementor-heading-title elementor-size-default\">Personal and Family Insurance: Take care of your wellbeing and protect what you love most.<\/h1>\t\t\t\t<\/div>\n\t\t\t\t<\/div>\n\t\t\t\t<div class=\"elementor-element elementor-element-5e2522f elementor-widget elementor-widget-text-editor\" data-id=\"5e2522f\" data-element_type=\"widget\" data-widget_type=\"text-editor.default\">\n\t\t\t\t<div class=\"elementor-widget-container\">\n\t\t\t\t\t\t\t\t\t<p class=\"western translation-block\">At Bonds &amp; Credit, we care about what matters most: your peace of mind and that of your loved ones.\nOur personal and family insurance plans are designed to provide financial support in unexpected situations\u2014protecting your health, your life, and your assets.<\/p>\t\t\t\t\t\t\t\t<\/div>\n\t\t\t\t<\/div>\n\t\t\t\t<\/div>\n\t\t\t\t<\/div>\n\t\t<div class=\"elementor-element elementor-element-92b76cb e-flex e-con-boxed wpr-particle-no wpr-jarallax-no wpr-parallax-no wpr-sticky-section-no e-con e-parent\" data-id=\"92b76cb\" data-element_type=\"container\">\n\t\t\t\t\t<div class=\"e-con-inner\">\n\t\t<div class=\"elementor-element elementor-element-7effdee e-con-full e-flex wpr-particle-no wpr-jarallax-no wpr-parallax-no wpr-sticky-section-no e-con e-child\" data-id=\"7effdee\" data-element_type=\"container\">\n\t\t<div class=\"elementor-element elementor-element-9bb0e23 e-con-full e-flex wpr-particle-no wpr-jarallax-no wpr-parallax-no wpr-sticky-section-no e-con e-child\" data-id=\"9bb0e23\" data-element_type=\"container\">\n\t\t\t\t<div class=\"elementor-element elementor-element-54d51fd elementor-invisible elementor-widget elementor-widget-heading\" data-id=\"54d51fd\" data-element_type=\"widget\" data-settings=\"{&quot;_animation&quot;:&quot;fadeIn&quot;}\" data-widget_type=\"heading.default\">\n\t\t\t\t<div class=\"elementor-widget-container\">\n\t\t\t\t\t<h2 class=\"elementor-heading-title elementor-size-default\">Our insurance includes<\/h2>\t\t\t\t<\/div>\n\t\t\t\t<\/div>\n\t\t\t\t<div class=\"elementor-element elementor-element-8b1a1ff elementor-icon-list--layout-traditional elementor-list-item-link-full_width elementor-invisible elementor-widget elementor-widget-icon-list\" data-id=\"8b1a1ff\" data-element_type=\"widget\" data-settings=\"{&quot;_animation&quot;:&quot;fadeIn&quot;,&quot;_animation_delay&quot;:300}\" data-widget_type=\"icon-list.default\">\n\t\t\t\t<div class=\"elementor-widget-container\">\n\t\t\t\t\t\t\t<ul class=\"elementor-icon-list-items\">\n\t\t\t\t\t\t\t<li class=\"elementor-icon-list-item\">\n\t\t\t\t\t\t\t\t\t\t\t<span class=\"elementor-icon-list-icon\">\n\t\t\t\t\t\t\t<svg aria-hidden=\"true\" class=\"e-font-icon-svg e-fas-heart\" viewbox=\"0 0 512 512\" xmlns=\"http:\/\/www.w3.org\/2000\/svg\"><path d=\"M462.3 62.6C407.5 15.9 326 24.3 275.7 76.2L256 96.5l-19.7-20.3C186.1 24.3 104.5 15.9 49.7 62.6c-62.8 53.6-66.1 149.8-9.9 207.9l193.5 199.8c12.5 12.9 32.8 12.9 45.3 0l193.5-199.8c56.3-58.1 53-154.3-9.8-207.9z\"><\/path><\/svg>\t\t\t\t\t\t<\/span>\n\t\t\t\t\t\t\t\t\t\t<span class=\"elementor-icon-list-text\"><b>Life Insurance<\/b>: Financial protection for your loved ones in the event of death, total and permanent disability, or critical illness.<\/span>\n\t\t\t\t\t\t\t\t\t<\/li>\n\t\t\t\t\t\t\t\t<li class=\"elementor-icon-list-item\">\n\t\t\t\t\t\t\t\t\t\t\t<span class=\"elementor-icon-list-icon\">\n\t\t\t\t\t\t\t<svg aria-hidden=\"true\" class=\"e-font-icon-svg e-fas-hospital\" viewbox=\"0 0 448 512\" xmlns=\"http:\/\/www.w3.org\/2000\/svg\"><path d=\"M448 492v20H0v-20c0-6.627 5.373-12 12-12h20V120c0-13.255 10.745-24 24-24h88V24c0-13.255 10.745-24 24-24h112c13.255 0 24 10.745 24 24v72h88c13.255 0 24 10.745 24 24v360h20c6.627 0 12 5.373 12 12zM308 192h-40c-6.627 0-12 5.373-12 12v40c0 6.627 5.373 12 12 12h40c6.627 0 12-5.373 12-12v-40c0-6.627-5.373-12-12-12zm-168 64h40c6.627 0 12-5.373 12-12v-40c0-6.627-5.373-12-12-12h-40c-6.627 0-12 5.373-12 12v40c0 6.627 5.373 12 12 12zm104 128h-40c-6.627 0-12 5.373-12 12v84h64v-84c0-6.627-5.373-12-12-12zm64-96h-40c-6.627 0-12 5.373-12 12v40c0 6.627 5.373 12 12 12h40c6.627 0 12-5.373 12-12v-40c0-6.627-5.373-12-12-12zm-116 12c0-6.627-5.373-12-12-12h-40c-6.627 0-12 5.373-12 12v40c0 6.627 5.373 12 12 12h40c6.627 0 12-5.373 12-12v-40zM182 96h26v26a6 6 0 0 0 6 6h20a6 6 0 0 0 6-6V96h26a6 6 0 0 0 6-6V70a6 6 0 0 0-6-6h-26V38a6 6 0 0 0-6-6h-20a6 6 0 0 0-6 6v26h-26a6 6 0 0 0-6 6v20a6 6 0 0 0 6 6z\"><\/path><\/svg>\t\t\t\t\t\t<\/span>\n\t\t\t\t\t\t\t\t\t\t<span class=\"elementor-icon-list-text\"><b>Health Insurance<\/b>: Quick access to specialists and coverage for medical expenses, hospital stays, and treatments.<\/span>\n\t\t\t\t\t\t\t\t\t<\/li>\n\t\t\t\t\t\t\t\t<li class=\"elementor-icon-list-item\">\n\t\t\t\t\t\t\t\t\t\t\t<span class=\"elementor-icon-list-icon\">\n\t\t\t\t\t\t\t<svg aria-hidden=\"true\" class=\"e-font-icon-svg e-fas-user-injured\" viewbox=\"0 0 448 512\" xmlns=\"http:\/\/www.w3.org\/2000\/svg\"><path d=\"M277.37 11.98C261.08 4.47 243.11 0 224 0c-53.69 0-99.5 33.13-118.51 80h81.19l90.69-68.02zM342.51 80c-7.9-19.47-20.67-36.2-36.49-49.52L239.99 80h102.52zM224 256c70.69 0 128-57.31 128-128 0-5.48-.95-10.7-1.61-16H97.61c-.67 5.3-1.61 10.52-1.61 16 0 70.69 57.31 128 128 128zM80 299.7V512h128.26l-98.45-221.52A132.835 132.835 0 0 0 80 299.7zM0 464c0 26.51 21.49 48 48 48V320.24C18.88 344.89 0 381.26 0 422.4V464zm256-48h-55.38l42.67 96H256c26.47 0 48-21.53 48-48s-21.53-48-48-48zm57.6-128h-16.71c-22.24 10.18-46.88 16-72.89 16s-50.65-5.82-72.89-16h-7.37l42.67 96H256c44.11 0 80 35.89 80 80 0 18.08-6.26 34.59-16.41 48H400c26.51 0 48-21.49 48-48v-41.6c0-74.23-60.17-134.4-134.4-134.4z\"><\/path><\/svg>\t\t\t\t\t\t<\/span>\n\t\t\t\t\t\t\t\t\t\t<span class=\"elementor-icon-list-text\"><b>Personal Accident Insurance<\/b>: Financial support in case of injury, disability, or death due to an accident.<\/span>\n\t\t\t\t\t\t\t\t\t<\/li>\n\t\t\t\t\t\t\t\t<li class=\"elementor-icon-list-item\">\n\t\t\t\t\t\t\t\t\t\t\t<span class=\"elementor-icon-list-icon\">\n\t\t\t\t\t\t\t<svg aria-hidden=\"true\" class=\"e-font-icon-svg e-fas-coins\" viewbox=\"0 0 512 512\" xmlns=\"http:\/\/www.w3.org\/2000\/svg\"><path d=\"M0 405.3V448c0 35.3 86 64 192 64s192-28.7 192-64v-42.7C342.7 434.4 267.2 448 192 448S41.3 434.4 0 405.3zM320 128c106 0 192-28.7 192-64S426 0 320 0 128 28.7 128 64s86 64 192 64zM0 300.4V352c0 35.3 86 64 192 64s192-28.7 192-64v-51.6c-41.3 34-116.9 51.6-192 51.6S41.3 334.4 0 300.4zm416 11c57.3-11.1 96-31.7 96-55.4v-42.7c-23.2 16.4-57.3 27.6-96 34.5v63.6zM192 160C86 160 0 195.8 0 240s86 80 192 80 192-35.8 192-80-86-80-192-80zm219.3 56.3c60-10.8 100.7-32 100.7-56.3v-42.7c-35.5 25.1-96.5 38.6-160.7 41.8 29.5 14.3 51.2 33.5 60 57.2z\"><\/path><\/svg>\t\t\t\t\t\t<\/span>\n\t\t\t\t\t\t\t\t\t\t<span class=\"elementor-icon-list-text\"><b>Annuities<\/b>: Guaranteed monthly income for retirement or in the case of disability.<\/span>\n\t\t\t\t\t\t\t\t\t<\/li>\n\t\t\t\t\t\t\t\t<li class=\"elementor-icon-list-item\">\n\t\t\t\t\t\t\t\t\t\t\t<span class=\"elementor-icon-list-icon\">\n\t\t\t\t\t\t\t<svg aria-hidden=\"true\" class=\"e-font-icon-svg e-fas-home\" viewbox=\"0 0 576 512\" xmlns=\"http:\/\/www.w3.org\/2000\/svg\"><path d=\"M280.37 148.26L96 300.11V464a16 16 0 0 0 16 16l112.06-.29a16 16 0 0 0 15.92-16V368a16 16 0 0 1 16-16h64a16 16 0 0 1 16 16v95.64a16 16 0 0 0 16 16.05L464 480a16 16 0 0 0 16-16V300L295.67 148.26a12.19 12.19 0 0 0-15.3 0zM571.6 251.47L488 182.56V44.05a12 12 0 0 0-12-12h-56a12 12 0 0 0-12 12v72.61L318.47 43a48 48 0 0 0-61 0L4.34 251.47a12 12 0 0 0-1.6 16.9l25.5 31A12 12 0 0 0 45.15 301l235.22-193.74a12.19 12.19 0 0 1 15.3 0L530.9 301a12 12 0 0 0 16.9-1.6l25.5-31a12 12 0 0 0-1.7-16.93z\"><\/path><\/svg>\t\t\t\t\t\t<\/span>\n\t\t\t\t\t\t\t\t\t\t<span class=\"elementor-icon-list-text\"><b>Home Insurance<\/b>: Protects your home and its contents against fire, theft, and flooding.<\/span>\n\t\t\t\t\t\t\t\t\t<\/li>\n\t\t\t\t\t\t\t\t<li class=\"elementor-icon-list-item\">\n\t\t\t\t\t\t\t\t\t\t\t<span class=\"elementor-icon-list-icon\">\n\t\t\t\t\t\t\t<svg aria-hidden=\"true\" class=\"e-font-icon-svg e-fas-car-crash\" viewbox=\"0 0 640 512\" xmlns=\"http:\/\/www.w3.org\/2000\/svg\"><path d=\"M143.25 220.81l-12.42 46.37c-3.01 11.25-3.63 22.89-2.41 34.39l-35.2 28.98c-6.57 5.41-16.31-.43-14.62-8.77l15.44-76.68c1.06-5.26-2.66-10.28-8-10.79l-77.86-7.55c-8.47-.82-11.23-11.83-4.14-16.54l65.15-43.3c4.46-2.97 5.38-9.15 1.98-13.29L21.46 93.22c-5.41-6.57.43-16.3 8.78-14.62l76.68 15.44c5.26 1.06 10.28-2.66 10.8-8l7.55-77.86c.82-8.48 11.83-11.23 16.55-4.14l43.3 65.14c2.97 4.46 9.15 5.38 13.29 1.98l60.4-49.71c6.57-5.41 16.3.43 14.62 8.77L262.1 86.38c-2.71 3.05-5.43 6.09-7.91 9.4l-32.15 42.97-10.71 14.32c-32.73 8.76-59.18 34.53-68.08 67.74zm494.57 132.51l-12.42 46.36c-3.13 11.68-9.38 21.61-17.55 29.36a66.876 66.876 0 0 1-8.76 7l-13.99 52.23c-1.14 4.27-3.1 8.1-5.65 11.38-7.67 9.84-20.74 14.68-33.54 11.25L515 502.62c-17.07-4.57-27.2-22.12-22.63-39.19l8.28-30.91-247.28-66.26-8.28 30.91c-4.57 17.07-22.12 27.2-39.19 22.63l-30.91-8.28c-12.8-3.43-21.7-14.16-23.42-26.51-.57-4.12-.35-8.42.79-12.68l13.99-52.23a66.62 66.62 0 0 1-4.09-10.45c-3.2-10.79-3.65-22.52-.52-34.2l12.42-46.37c5.31-19.8 19.36-34.83 36.89-42.21a64.336 64.336 0 0 1 18.49-4.72l18.13-24.23 32.15-42.97c3.45-4.61 7.19-8.9 11.2-12.84 8-7.89 17.03-14.44 26.74-19.51 4.86-2.54 9.89-4.71 15.05-6.49 10.33-3.58 21.19-5.63 32.24-6.04 11.05-.41 22.31.82 33.43 3.8l122.68 32.87c11.12 2.98 21.48 7.54 30.85 13.43a111.11 111.11 0 0 1 34.69 34.5c8.82 13.88 14.64 29.84 16.68 46.99l6.36 53.29 3.59 30.05a64.49 64.49 0 0 1 22.74 29.93c4.39 11.88 5.29 25.19 1.75 38.39zM255.58 234.34c-18.55-4.97-34.21 4.04-39.17 22.53-4.96 18.49 4.11 34.12 22.65 39.09 18.55 4.97 45.54 15.51 50.49-2.98 4.96-18.49-15.43-53.67-33.97-58.64zm290.61 28.17l-6.36-53.29c-.58-4.87-1.89-9.53-3.82-13.86-5.8-12.99-17.2-23.01-31.42-26.82l-122.68-32.87a48.008 48.008 0 0 0-50.86 17.61l-32.15 42.97 172 46.08 75.29 20.18zm18.49 54.65c-18.55-4.97-53.8 15.31-58.75 33.79-4.95 18.49 23.69 22.86 42.24 27.83 18.55 4.97 34.21-4.04 39.17-22.53 4.95-18.48-4.11-34.12-22.66-39.09z\"><\/path><\/svg>\t\t\t\t\t\t<\/span>\n\t\t\t\t\t\t\t\t\t\t<span class=\"elementor-icon-list-text\"><b>Auto Insurance<\/b>: Coverage against accidents, theft, and third-party damages.<\/span>\n\t\t\t\t\t\t\t\t\t<\/li>\n\t\t\t\t\t\t<\/ul>\n\t\t\t\t\t\t<\/div>\n\t\t\t\t<\/div>\n\t\t\t\t<\/div>\n\t\t<div class=\"elementor-element elementor-element-333bea5 e-con-full e-flex wpr-particle-no wpr-jarallax-no wpr-parallax-no wpr-sticky-section-no e-con e-child\" data-id=\"333bea5\" data-element_type=\"container\">\n\t\t\t\t<div class=\"elementor-element elementor-element-979351e elementor-invisible elementor-widget elementor-widget-heading\" data-id=\"979351e\" data-element_type=\"widget\" data-settings=\"{&quot;_animation&quot;:&quot;fadeIn&quot;}\" data-widget_type=\"heading.default\">\n\t\t\t\t<div class=\"elementor-widget-container\">\n\t\t\t\t\t<h2 class=\"elementor-heading-title elementor-size-default\">Key benefits<\/h2>\t\t\t\t<\/div>\n\t\t\t\t<\/div>\n\t\t\t\t<div class=\"elementor-element elementor-element-21d7e50 elementor-icon-list--layout-traditional elementor-list-item-link-full_width elementor-invisible elementor-widget elementor-widget-icon-list\" data-id=\"21d7e50\" data-element_type=\"widget\" data-settings=\"{&quot;_animation&quot;:&quot;fadeIn&quot;,&quot;_animation_delay&quot;:300}\" data-widget_type=\"icon-list.default\">\n\t\t\t\t<div class=\"elementor-widget-container\">\n\t\t\t\t\t\t\t<ul class=\"elementor-icon-list-items\">\n\t\t\t\t\t\t\t<li class=\"elementor-icon-list-item\">\n\t\t\t\t\t\t\t\t\t\t\t<span class=\"elementor-icon-list-icon\">\n\t\t\t\t\t\t\t<svg aria-hidden=\"true\" class=\"e-font-icon-svg e-fas-check\" viewbox=\"0 0 512 512\" xmlns=\"http:\/\/www.w3.org\/2000\/svg\"><path d=\"M173.898 439.404l-166.4-166.4c-9.997-9.997-9.997-26.206 0-36.204l36.203-36.204c9.997-9.998 26.207-9.998 36.204 0L192 312.69 432.095 72.596c9.997-9.997 26.207-9.997 36.204 0l36.203 36.204c9.997 9.997 9.997 26.206 0 36.204l-294.4 294.401c-9.998 9.997-26.207 9.997-36.204-.001z\"><\/path><\/svg>\t\t\t\t\t\t<\/span>\n\t\t\t\t\t\t\t\t\t\t<span class=\"elementor-icon-list-text\">Protect your loved ones against unforeseen events<\/span>\n\t\t\t\t\t\t\t\t\t<\/li>\n\t\t\t\t\t\t\t\t<li class=\"elementor-icon-list-item\">\n\t\t\t\t\t\t\t\t\t\t\t<span class=\"elementor-icon-list-icon\">\n\t\t\t\t\t\t\t<svg aria-hidden=\"true\" class=\"e-font-icon-svg e-fas-check\" viewbox=\"0 0 512 512\" xmlns=\"http:\/\/www.w3.org\/2000\/svg\"><path d=\"M173.898 439.404l-166.4-166.4c-9.997-9.997-9.997-26.206 0-36.204l36.203-36.204c9.997-9.998 26.207-9.998 36.204 0L192 312.69 432.095 72.596c9.997-9.997 26.207-9.997 36.204 0l36.203 36.204c9.997 9.997 9.997 26.206 0 36.204l-294.4 294.401c-9.998 9.997-26.207 9.997-36.204-.001z\"><\/path><\/svg>\t\t\t\t\t\t<\/span>\n\t\t\t\t\t\t\t\t\t\t<span class=\"elementor-icon-list-text\">Ensure economic stability in difficult times<\/span>\n\t\t\t\t\t\t\t\t\t<\/li>\n\t\t\t\t\t\t\t\t<li class=\"elementor-icon-list-item\">\n\t\t\t\t\t\t\t\t\t\t\t<span class=\"elementor-icon-list-icon\">\n\t\t\t\t\t\t\t<svg aria-hidden=\"true\" class=\"e-font-icon-svg e-fas-check\" viewbox=\"0 0 512 512\" xmlns=\"http:\/\/www.w3.org\/2000\/svg\"><path d=\"M173.898 439.404l-166.4-166.4c-9.997-9.997-9.997-26.206 0-36.204l36.203-36.204c9.997-9.998 26.207-9.998 36.204 0L192 312.69 432.095 72.596c9.997-9.997 26.207-9.997 36.204 0l36.203 36.204c9.997 9.997 9.997 26.206 0 36.204l-294.4 294.401c-9.998 9.997-26.207 9.997-36.204-.001z\"><\/path><\/svg>\t\t\t\t\t\t<\/span>\n\t\t\t\t\t\t\t\t\t\t<span class=\"elementor-icon-list-text\">Guarantee access to quality healthcare<\/span>\n\t\t\t\t\t\t\t\t\t<\/li>\n\t\t\t\t\t\t\t\t<li class=\"elementor-icon-list-item\">\n\t\t\t\t\t\t\t\t\t\t\t<span class=\"elementor-icon-list-icon\">\n\t\t\t\t\t\t\t<svg aria-hidden=\"true\" class=\"e-font-icon-svg e-fas-check\" viewbox=\"0 0 512 512\" xmlns=\"http:\/\/www.w3.org\/2000\/svg\"><path d=\"M173.898 439.404l-166.4-166.4c-9.997-9.997-9.997-26.206 0-36.204l36.203-36.204c9.997-9.998 26.207-9.998 36.204 0L192 312.69 432.095 72.596c9.997-9.997 26.207-9.997 36.204 0l36.203 36.204c9.997 9.997 9.997 26.206 0 36.204l-294.4 294.401c-9.998 9.997-26.207 9.997-36.204-.001z\"><\/path><\/svg>\t\t\t\t\t\t<\/span>\n\t\t\t\t\t\t\t\t\t\t<span class=\"elementor-icon-list-text\">Safeguard your family\u2019s assets<\/span>\n\t\t\t\t\t\t\t\t\t<\/li>\n\t\t\t\t\t\t<\/ul>\n\t\t\t\t\t\t<\/div>\n\t\t\t\t<\/div>\n\t\t\t\t<\/div>\n\t\t\t\t<\/div>\n\t\t<div class=\"elementor-element elementor-element-80a393c e-con-full e-flex wpr-particle-no wpr-jarallax-no wpr-parallax-no wpr-sticky-section-no elementor-invisible e-con e-child\" data-id=\"80a393c\" data-element_type=\"container\" data-settings=\"{&quot;animation&quot;:&quot;fadeInRight&quot;}\">\n\t\t\t\t<div class=\"elementor-element elementor-element-1e24acd e3 elementor-widget elementor-widget-image\" data-id=\"1e24acd\" data-element_type=\"widget\" data-widget_type=\"image.default\">\n\t\t\t\t<div class=\"elementor-widget-container\">\n\t\t\t\t\t\t\t\t\t\t\t\t\t\t\t<img fetchpriority=\"high\" decoding=\"async\" width=\"1701\" height=\"2560\" src=\"https:\/\/bycseguros.com\/wp-content\/uploads\/2025\/05\/seguros-generales-scaled.webp\" class=\"attachment-full size-full wp-image-959\" alt=\"\" srcset=\"https:\/\/bycseguros.com\/wp-content\/uploads\/2025\/05\/seguros-generales-scaled.webp 1701w, https:\/\/bycseguros.com\/wp-content\/uploads\/2025\/05\/seguros-generales-199x300.webp 199w, https:\/\/bycseguros.com\/wp-content\/uploads\/2025\/05\/seguros-generales-680x1024.webp 680w, https:\/\/bycseguros.com\/wp-content\/uploads\/2025\/05\/seguros-generales-768x1156.webp 768w, https:\/\/bycseguros.com\/wp-content\/uploads\/2025\/05\/seguros-generales-1020x1536.webp 1020w, https:\/\/bycseguros.com\/wp-content\/uploads\/2025\/05\/seguros-generales-1361x2048.webp 1361w, https:\/\/bycseguros.com\/wp-content\/uploads\/2025\/05\/seguros-generales-8x12.webp 8w\" sizes=\"(max-width: 1701px) 100vw, 1701px\" \/>\t\t\t\t\t\t\t\t\t\t\t\t\t\t\t<\/div>\n\t\t\t\t<\/div>\n\t\t\t\t<\/div>\n\t\t\t\t\t<\/div>\n\t\t\t\t<\/div>\n\t\t<div class=\"elementor-element elementor-element-2fc2db90 e-flex e-con-boxed wpr-particle-no wpr-jarallax-no wpr-parallax-no wpr-sticky-section-no e-con e-parent\" data-id=\"2fc2db90\" data-element_type=\"container\" data-settings=\"{&quot;background_background&quot;:&quot;classic&quot;}\">\n\t\t\t\t\t<div class=\"e-con-inner\">\n\t\t<div class=\"elementor-element elementor-element-38df61e5 e-flex e-con-boxed wpr-particle-no wpr-jarallax-no wpr-parallax-no wpr-sticky-section-no e-con e-child\" data-id=\"38df61e5\" data-element_type=\"container\">\n\t\t\t\t\t<div class=\"e-con-inner\">\n\t\t\t\t<div class=\"elementor-element elementor-element-6a10c1df elementor-widget elementor-widget-heading\" data-id=\"6a10c1df\" data-element_type=\"widget\" data-widget_type=\"heading.default\">\n\t\t\t\t<div class=\"elementor-widget-container\">\n\t\t\t\t\t<h2 class=\"elementor-heading-title elementor-size-default\">An investment in your wellbeing and that of your family.<\/h2>\t\t\t\t<\/div>\n\t\t\t\t<\/div>\n\t\t\t\t\t<\/div>\n\t\t\t\t<\/div>\n\t\t<div class=\"elementor-element elementor-element-63f6d454 e-con-full e-flex wpr-particle-no wpr-jarallax-no wpr-parallax-no wpr-sticky-section-no e-con e-child\" data-id=\"63f6d454\" data-element_type=\"container\">\n\t\t\t\t<div class=\"elementor-element elementor-element-49d8eaf e1 elementor-widget elementor-widget-button\" data-id=\"49d8eaf\" data-element_type=\"widget\" data-widget_type=\"button.default\">\n\t\t\t\t<div class=\"elementor-widget-container\">\n\t\t\t\t\t\t\t\t\t<div class=\"elementor-button-wrapper\">\n\t\t\t\t\t<a class=\"elementor-button elementor-button-link elementor-size-sm elementor-animation-grow\" href=\"https:\/\/api.whatsapp.com\/send?phone=573183353273\">\n\t\t\t\t\t\t<span class=\"elementor-button-content-wrapper\">\n\t\t\t\t\t\t\t\t\t<span class=\"elementor-button-text\">Request a Tailored Consultation<\/span>\n\t\t\t\t\t<\/span>\n\t\t\t\t\t<\/a>\n\t\t\t\t<\/div>\n\t\t\t\t\t\t\t\t<\/div>\n\t\t\t\t<\/div>\n\t\t\t\t<\/div>\n\t\t\t\t\t<\/div>\n\t\t\t\t<\/div>\n\t\t\t\t<\/div>","protected":false},"excerpt":{"rendered":"<p>Seguros para personas y familia: cuida tu bienestar y protege lo que m\u00e1s amas. En Bonds &amp; Credit cuidamos lo m\u00e1s importante: tu tranquilidad y la de quienes amas. Nuestros seguros personales y familiares est\u00e1n dise\u00f1ados para respaldarte econ\u00f3micamente ante situaciones imprevistas, protegiendo tu salud, tu vida y tu patrimonio. Nuestros seguros incluyen: Seguro de Vida: protecci\u00f3n econ\u00f3mica para tus seres queridos en caso de fallecimiento, incapacidad total y permanente o enfermedades graves. Seguro de Salud: acceso r\u00e1pido a especialistas y cobertura de gastos m\u00e9dicos, hospitalarios y tratamientos. Accidentes Personales: respaldo econ\u00f3mico ante lesiones, invalidez o fallecimiento por accidente. Rentas Vitalicias: ingreso mensual garantizado para tu jubilaci\u00f3n o en caso de incapacidad. Seguro de Hogar: protege tu vivienda y su contenido frente a incendios, robos e inundaciones. Seguro de Autos: respaldo ante accidentes, robos y da\u00f1os a terceros. Beneficios clave Protege a quienes amas ante imprevistos Garantiza tu estabilidad econ\u00f3mica en momentos dif\u00edciles Asegura el acceso a servicios de salud de calidad Protege tu patrimonio familiar Una inversi\u00f3n en tu bienestar y el de tu familia. Solicita una asesor\u00eda personalizada<\/p>","protected":false},"author":1,"featured_media":0,"parent":0,"menu_order":0,"comment_status":"closed","ping_status":"closed","template":"","meta":{"site-sidebar-layout":"no-sidebar","site-content-layout":"","ast-site-content-layout":"full-width-container","site-content-style":"default","site-sidebar-style":"default","ast-global-header-display":"","ast-banner-title-visibility":"","ast-main-header-display":"","ast-hfb-above-header-display":"","ast-hfb-below-header-display":"","ast-hfb-mobile-header-display":"","site-post-title":"disabled","ast-breadcrumbs-content":"","ast-featured-img":"disabled","footer-sml-layout":"","theme-transparent-header-meta":"","adv-header-id-meta":"","stick-header-meta":"","header-above-stick-meta":"","header-main-stick-meta":"","header-below-stick-meta":"","astra-migrate-meta-layouts":"default","ast-page-background-enabled":"default","ast-page-background-meta":{"desktop":{"background-color":"var(--ast-global-color-5)","background-image":"","background-repeat":"repeat","background-position":"center center","background-size":"auto","background-attachment":"scroll","background-type":"","background-media":"","overlay-type":"","overlay-color":"","overlay-opacity":"","overlay-gradient":""},"tablet":{"background-color":"","background-image":"","background-repeat":"repeat","background-position":"center center","background-size":"auto","background-attachment":"scroll","background-type":"","background-media":"","overlay-type":"","overlay-color":"","overlay-opacity":"","overlay-gradient":""},"mobile":{"background-color":"","background-image":"","background-repeat":"repeat","background-position":"center center","background-size":"auto","background-attachment":"scroll","background-type":"","background-media":"","overlay-type":"","overlay-color":"","overlay-opacity":"","overlay-gradient":""}},"ast-content-background-meta":{"desktop":{"background-color":"var(--ast-global-color-4)","background-image":"","background-repeat":"repeat","background-position":"center center","background-size":"auto","background-attachment":"scroll","background-type":"","background-media":"","overlay-type":"","overlay-color":"","overlay-opacity":"","overlay-gradient":""},"tablet":{"background-color":"var(--ast-global-color-4)","background-image":"","background-repeat":"repeat","background-position":"center center","background-size":"auto","background-attachment":"scroll","background-type":"","background-media":"","overlay-type":"","overlay-color":"","overlay-opacity":"","overlay-gradient":""},"mobile":{"background-color":"var(--ast-global-color-4)","background-image":"","background-repeat":"repeat","background-position":"center center","background-size":"auto","background-attachment":"scroll","background-type":"","background-media":"","overlay-type":"","overlay-color":"","overlay-opacity":"","overlay-gradient":""}},"footnotes":""},"class_list":["post-937","page","type-page","status-publish","hentry"],"_hostinger_reach_plugin_has_subscription_block":false,"_hostinger_reach_plugin_is_elementor":false,"_links":{"self":[{"href":"https:\/\/bycseguros.com\/en\/wp-json\/wp\/v2\/pages\/937","targetHints":{"allow":["GET"]}}],"collection":[{"href":"https:\/\/bycseguros.com\/en\/wp-json\/wp\/v2\/pages"}],"about":[{"href":"https:\/\/bycseguros.com\/en\/wp-json\/wp\/v2\/types\/page"}],"author":[{"embeddable":true,"href":"https:\/\/bycseguros.com\/en\/wp-json\/wp\/v2\/users\/1"}],"replies":[{"embeddable":true,"href":"https:\/\/bycseguros.com\/en\/wp-json\/wp\/v2\/comments?post=937"}],"version-history":[{"count":40,"href":"https:\/\/bycseguros.com\/en\/wp-json\/wp\/v2\/pages\/937\/revisions"}],"predecessor-version":[{"id":1614,"href":"https:\/\/bycseguros.com\/en\/wp-json\/wp\/v2\/pages\/937\/revisions\/1614"}],"wp:attachment":[{"href":"https:\/\/bycseguros.com\/en\/wp-json\/wp\/v2\/media?parent=937"}],"curies":[{"name":"wp","href":"https:\/\/api.w.org\/{rel}","templated":true}]}}